{"id":3226,"date":"2023-08-05T15:40:30","date_gmt":"2023-08-05T08:40:30","guid":{"rendered":"https:\/\/ynhomes.vn\/product\/penthouse-thong-tang-the-estella\/"},"modified":"2024-06-03T17:42:57","modified_gmt":"2024-06-03T10:42:57","slug":"penthouse-thong-tang-the-estella","status":"publish","type":"product","link":"https:\/\/ynhomes.vn\/en\/product\/penthouse-thong-tang-the-estella\/","title":{"rendered":"Penthouse th\u00f4ng t\u1ea7ng The Estella En"},"content":{"rendered":"<p>PENTHOUSE THE ESTELLA TH\u00d4NG T\u1ea6NG &#8211; SU\u1ea4T NG\u01af\u1edcI N\u01af\u1edaC NGO\u00c0I<br \/>\nTh\u00f4ng tin m\u00f4 t\u1ea3:<br \/>\nC\u0103n h\u1ed9 3PN, 4 toilet- 2 b\u1ed3n t\u1eafm n\u1eb1m v\u00e0 1 b\u1ed3n t\u1eafm ngo\u00e0i tr\u1eddi<br \/>\nDi\u1ec7n t\u00edch: 225 m2<br \/>\nView : Mai Ch\u00ed Th\u1ecd v\u00e0 Bitexco<br \/>\nN\u1ed9i th\u1ea5t: kh\u00f4ng n\u1ed9i th\u1ea5t<br \/>\nGi\u00e1: 21 t\u1ef7 ( th\u01b0\u01a1ng l\u01b0\u1ee3ng)<\/p>\n","protected":false},"excerpt":{"rendered":"<p>PENTHOUSE THE ESTELLA TH\u00d4NG T\u1ea6NG &#8211; SU\u1ea4T NG\u01af\u1edcI N\u01af\u1edaC NGO\u00c0I Th\u00f4ng tin m\u00f4 t\u1ea3: C\u0103n h\u1ed9 3PN, 4 toilet- 2 b\u1ed3n t\u1eafm n\u1eb1m v\u00e0 1 b\u1ed3n t\u1eafm ngo\u00e0i tr\u1eddi Di\u1ec7n t\u00edch: 225 m2 View : Mai Ch\u00ed Th\u1ecd v\u00e0 Bitexco N\u1ed9i th\u1ea5t: kh\u00f4ng n\u1ed9i th\u1ea5t Gi\u00e1: 21 t\u1ef7 ( th\u01b0\u01a1ng l\u01b0\u1ee3ng)<\/p>\n","protected":false},"featured_media":3172,"comment_status":"open","ping_status":"closed","template":"","meta":[],"product_brand":[],"product_cat":[276,277,278],"product_tag":[],"class_list":{"0":"post-3226","1":"product","2":"type-product","3":"status-publish","4":"has-post-thumbnail","6":"product_cat-can-ho-cao-cap-en","7":"product_cat-mua-ban-en","8":"product_cat-nha-o-en","9":"pa_finance-duoi-30-ty","10":"pa_hcm-quan-2","11":"pa_project-the-estella","13":"first","14":"instock","15":"shipping-taxable","16":"product-type-simple"},"acf":[],"yoast_head":"<!-- This site is optimized with the Yoast SEO Premium plugin v18.6 (Yoast SEO v25.2) - https:\/\/yoast.com\/wordpress\/plugins\/seo\/ -->\n<title>Penthouse th\u00f4ng t\u1ea7ng The Estella En - YN Homes<\/title>\n<meta name=\"robots\" content=\"index, follow, max-snippet:-1, max-image-preview:large, max-video-preview:-1\" \/>\n<link rel=\"canonical\" href=\"https:\/\/ynhomes.vn\/en\/product\/penthouse-thong-tang-the-estella\/\" \/>\n<meta property=\"og:locale\" content=\"en_US\" \/>\n<meta property=\"og:type\" content=\"article\" \/>\n<meta property=\"og:title\" content=\"Penthouse th\u00f4ng t\u1ea7ng The Estella En\" \/>\n<meta property=\"og:description\" content=\"PENTHOUSE THE ESTELLA TH\u00d4NG T\u1ea6NG &#8211; SU\u1ea4T NG\u01af\u1edcI N\u01af\u1edaC NGO\u00c0I Th\u00f4ng tin m\u00f4 t\u1ea3: C\u0103n h\u1ed9 3PN, 4 toilet- 2 b\u1ed3n t\u1eafm n\u1eb1m v\u00e0 1 b\u1ed3n t\u1eafm ngo\u00e0i tr\u1eddi Di\u1ec7n t\u00edch: 225 m2 View : Mai Ch\u00ed Th\u1ecd v\u00e0 Bitexco N\u1ed9i th\u1ea5t: kh\u00f4ng n\u1ed9i th\u1ea5t Gi\u00e1: 21 t\u1ef7 ( th\u01b0\u01a1ng l\u01b0\u1ee3ng)\" \/>\n<meta property=\"og:url\" content=\"https:\/\/ynhomes.vn\/en\/product\/penthouse-thong-tang-the-estella\/\" \/>\n<meta property=\"og:site_name\" content=\"YN Homes\" \/>\n<meta property=\"article:modified_time\" content=\"2024-06-03T10:42:57+00:00\" \/>\n<meta property=\"og:image\" content=\"https:\/\/ynhomes.vn\/wp-content\/uploads\/2023\/08\/z4576965591698_e2d0974d99576e494c65c0900ad28340.jpg\" \/>\n\t<meta property=\"og:image:width\" content=\"2048\" \/>\n\t<meta property=\"og:image:height\" content=\"1536\" \/>\n\t<meta property=\"og:image:type\" content=\"image\/jpeg\" \/>\n<meta name=\"twitter:card\" content=\"summary_large_image\" \/>\n<meta name=\"twitter:label1\" content=\"Est. reading time\" \/>\n\t<meta name=\"twitter:data1\" content=\"1 minute\" \/>\n<script type=\"application\/ld+json\" class=\"yoast-schema-graph\">{\"@context\":\"https:\/\/schema.org\",\"@graph\":[{\"@type\":\"WebPage\",\"@id\":\"https:\/\/ynhomes.vn\/en\/product\/penthouse-thong-tang-the-estella\/\",\"url\":\"https:\/\/ynhomes.vn\/en\/product\/penthouse-thong-tang-the-estella\/\",\"name\":\"Penthouse th\u00f4ng t\u1ea7ng The Estella En - YN Homes\",\"isPartOf\":{\"@id\":\"https:\/\/ynhomes.vn\/#website\"},\"primaryImageOfPage\":{\"@id\":\"https:\/\/ynhomes.vn\/en\/product\/penthouse-thong-tang-the-estella\/#primaryimage\"},\"image\":{\"@id\":\"https:\/\/ynhomes.vn\/en\/product\/penthouse-thong-tang-the-estella\/#primaryimage\"},\"thumbnailUrl\":\"https:\/\/ynhomes.vn\/wp-content\/uploads\/2023\/08\/z4576965591698_e2d0974d99576e494c65c0900ad28340.jpg\",\"datePublished\":\"2023-08-05T08:40:30+00:00\",\"dateModified\":\"2024-06-03T10:42:57+00:00\",\"breadcrumb\":{\"@id\":\"https:\/\/ynhomes.vn\/en\/product\/penthouse-thong-tang-the-estella\/#breadcrumb\"},\"inLanguage\":\"en-US\",\"potentialAction\":[{\"@type\":\"ReadAction\",\"target\":[\"https:\/\/ynhomes.vn\/en\/product\/penthouse-thong-tang-the-estella\/\"]}]},{\"@type\":\"ImageObject\",\"inLanguage\":\"en-US\",\"@id\":\"https:\/\/ynhomes.vn\/en\/product\/penthouse-thong-tang-the-estella\/#primaryimage\",\"url\":\"https:\/\/ynhomes.vn\/wp-content\/uploads\/2023\/08\/z4576965591698_e2d0974d99576e494c65c0900ad28340.jpg\",\"contentUrl\":\"https:\/\/ynhomes.vn\/wp-content\/uploads\/2023\/08\/z4576965591698_e2d0974d99576e494c65c0900ad28340.jpg\",\"width\":2048,\"height\":1536},{\"@type\":\"BreadcrumbList\",\"@id\":\"https:\/\/ynhomes.vn\/en\/product\/penthouse-thong-tang-the-estella\/#breadcrumb\",\"itemListElement\":[{\"@type\":\"ListItem\",\"position\":1,\"name\":\"Home\",\"item\":\"https:\/\/ynhomes.vn\/en\/\"},{\"@type\":\"ListItem\",\"position\":2,\"name\":\"Penthouse th\u00f4ng t\u1ea7ng The Estella En\"}]},{\"@type\":\"WebSite\",\"@id\":\"https:\/\/ynhomes.vn\/#website\",\"url\":\"https:\/\/ynhomes.vn\/\",\"name\":\"YN Homes\",\"description\":\"Mua B\u00e1n | \u0110\u1ea7u T\u01b0 | Cho Thu\u00ea B\u1ea5t \u0110\u1ed9ng S\u1ea3n\",\"publisher\":{\"@id\":\"https:\/\/ynhomes.vn\/#organization\"},\"potentialAction\":[{\"@type\":\"SearchAction\",\"target\":{\"@type\":\"EntryPoint\",\"urlTemplate\":\"https:\/\/ynhomes.vn\/?s={search_term_string}\"},\"query-input\":{\"@type\":\"PropertyValueSpecification\",\"valueRequired\":true,\"valueName\":\"search_term_string\"}}],\"inLanguage\":\"en-US\"},{\"@type\":\"Organization\",\"@id\":\"https:\/\/ynhomes.vn\/#organization\",\"name\":\"YN Homes\",\"url\":\"https:\/\/ynhomes.vn\/\",\"logo\":{\"@type\":\"ImageObject\",\"inLanguage\":\"en-US\",\"@id\":\"https:\/\/ynhomes.vn\/#\/schema\/logo\/image\/\",\"url\":\"https:\/\/ynhomes.vn\/wp-content\/uploads\/2022\/07\/YN-logo-1.jpg\",\"contentUrl\":\"https:\/\/ynhomes.vn\/wp-content\/uploads\/2022\/07\/YN-logo-1.jpg\",\"width\":1024,\"height\":1024,\"caption\":\"YN Homes\"},\"image\":{\"@id\":\"https:\/\/ynhomes.vn\/#\/schema\/logo\/image\/\"}}]}<\/script>\n<!-- \/ Yoast SEO Premium plugin. -->","yoast_head_json":{"title":"Penthouse th\u00f4ng t\u1ea7ng The Estella En - YN Homes","robots":{"index":"index","follow":"follow","max-snippet":"max-snippet:-1","max-image-preview":"max-image-preview:large","max-video-preview":"max-video-preview:-1"},"canonical":"https:\/\/ynhomes.vn\/en\/product\/penthouse-thong-tang-the-estella\/","og_locale":"en_US","og_type":"article","og_title":"Penthouse th\u00f4ng t\u1ea7ng The Estella En","og_description":"PENTHOUSE THE ESTELLA TH\u00d4NG T\u1ea6NG &#8211; SU\u1ea4T NG\u01af\u1edcI N\u01af\u1edaC NGO\u00c0I Th\u00f4ng tin m\u00f4 t\u1ea3: C\u0103n h\u1ed9 3PN, 4 toilet- 2 b\u1ed3n t\u1eafm n\u1eb1m v\u00e0 1 b\u1ed3n t\u1eafm ngo\u00e0i tr\u1eddi Di\u1ec7n t\u00edch: 225 m2 View : Mai Ch\u00ed Th\u1ecd v\u00e0 Bitexco N\u1ed9i th\u1ea5t: kh\u00f4ng n\u1ed9i th\u1ea5t Gi\u00e1: 21 t\u1ef7 ( th\u01b0\u01a1ng l\u01b0\u1ee3ng)","og_url":"https:\/\/ynhomes.vn\/en\/product\/penthouse-thong-tang-the-estella\/","og_site_name":"YN Homes","article_modified_time":"2024-06-03T10:42:57+00:00","og_image":[{"width":2048,"height":1536,"url":"https:\/\/ynhomes.vn\/wp-content\/uploads\/2023\/08\/z4576965591698_e2d0974d99576e494c65c0900ad28340.jpg","type":"image\/jpeg"}],"twitter_card":"summary_large_image","twitter_misc":{"Est. reading time":"1 minute"},"schema":{"@context":"https:\/\/schema.org","@graph":[{"@type":"WebPage","@id":"https:\/\/ynhomes.vn\/en\/product\/penthouse-thong-tang-the-estella\/","url":"https:\/\/ynhomes.vn\/en\/product\/penthouse-thong-tang-the-estella\/","name":"Penthouse th\u00f4ng t\u1ea7ng The Estella En - YN Homes","isPartOf":{"@id":"https:\/\/ynhomes.vn\/#website"},"primaryImageOfPage":{"@id":"https:\/\/ynhomes.vn\/en\/product\/penthouse-thong-tang-the-estella\/#primaryimage"},"image":{"@id":"https:\/\/ynhomes.vn\/en\/product\/penthouse-thong-tang-the-estella\/#primaryimage"},"thumbnailUrl":"https:\/\/ynhomes.vn\/wp-content\/uploads\/2023\/08\/z4576965591698_e2d0974d99576e494c65c0900ad28340.jpg","datePublished":"2023-08-05T08:40:30+00:00","dateModified":"2024-06-03T10:42:57+00:00","breadcrumb":{"@id":"https:\/\/ynhomes.vn\/en\/product\/penthouse-thong-tang-the-estella\/#breadcrumb"},"inLanguage":"en-US","potentialAction":[{"@type":"ReadAction","target":["https:\/\/ynhomes.vn\/en\/product\/penthouse-thong-tang-the-estella\/"]}]},{"@type":"ImageObject","inLanguage":"en-US","@id":"https:\/\/ynhomes.vn\/en\/product\/penthouse-thong-tang-the-estella\/#primaryimage","url":"https:\/\/ynhomes.vn\/wp-content\/uploads\/2023\/08\/z4576965591698_e2d0974d99576e494c65c0900ad28340.jpg","contentUrl":"https:\/\/ynhomes.vn\/wp-content\/uploads\/2023\/08\/z4576965591698_e2d0974d99576e494c65c0900ad28340.jpg","width":2048,"height":1536},{"@type":"BreadcrumbList","@id":"https:\/\/ynhomes.vn\/en\/product\/penthouse-thong-tang-the-estella\/#breadcrumb","itemListElement":[{"@type":"ListItem","position":1,"name":"Home","item":"https:\/\/ynhomes.vn\/en\/"},{"@type":"ListItem","position":2,"name":"Penthouse th\u00f4ng t\u1ea7ng The Estella En"}]},{"@type":"WebSite","@id":"https:\/\/ynhomes.vn\/#website","url":"https:\/\/ynhomes.vn\/","name":"YN Homes","description":"Mua B\u00e1n | \u0110\u1ea7u T\u01b0 | Cho Thu\u00ea B\u1ea5t \u0110\u1ed9ng S\u1ea3n","publisher":{"@id":"https:\/\/ynhomes.vn\/#organization"},"potentialAction":[{"@type":"SearchAction","target":{"@type":"EntryPoint","urlTemplate":"https:\/\/ynhomes.vn\/?s={search_term_string}"},"query-input":{"@type":"PropertyValueSpecification","valueRequired":true,"valueName":"search_term_string"}}],"inLanguage":"en-US"},{"@type":"Organization","@id":"https:\/\/ynhomes.vn\/#organization","name":"YN Homes","url":"https:\/\/ynhomes.vn\/","logo":{"@type":"ImageObject","inLanguage":"en-US","@id":"https:\/\/ynhomes.vn\/#\/schema\/logo\/image\/","url":"https:\/\/ynhomes.vn\/wp-content\/uploads\/2022\/07\/YN-logo-1.jpg","contentUrl":"https:\/\/ynhomes.vn\/wp-content\/uploads\/2022\/07\/YN-logo-1.jpg","width":1024,"height":1024,"caption":"YN Homes"},"image":{"@id":"https:\/\/ynhomes.vn\/#\/schema\/logo\/image\/"}}]}},"_links":{"self":[{"href":"https:\/\/ynhomes.vn\/en\/wp-json\/wp\/v2\/product\/3226","targetHints":{"allow":["GET"]}}],"collection":[{"href":"https:\/\/ynhomes.vn\/en\/wp-json\/wp\/v2\/product"}],"about":[{"href":"https:\/\/ynhomes.vn\/en\/wp-json\/wp\/v2\/types\/product"}],"replies":[{"embeddable":true,"href":"https:\/\/ynhomes.vn\/en\/wp-json\/wp\/v2\/comments?post=3226"}],"wp:featuredmedia":[{"embeddable":true,"href":"https:\/\/ynhomes.vn\/en\/wp-json\/wp\/v2\/media\/3172"}],"wp:attachment":[{"href":"https:\/\/ynhomes.vn\/en\/wp-json\/wp\/v2\/media?parent=3226"}],"wp:term":[{"taxonomy":"product_brand","embeddable":true,"href":"https:\/\/ynhomes.vn\/en\/wp-json\/wp\/v2\/product_brand?post=3226"},{"taxonomy":"product_cat","embeddable":true,"href":"https:\/\/ynhomes.vn\/en\/wp-json\/wp\/v2\/product_cat?post=3226"},{"taxonomy":"product_tag","embeddable":true,"href":"https:\/\/ynhomes.vn\/en\/wp-json\/wp\/v2\/product_tag?post=3226"}],"curies":[{"name":"wp","href":"https:\/\/api.w.org\/{rel}","templated":true}]}}